{"id":263,"date":"2025-01-10T19:55:12","date_gmt":"2025-01-10T18:55:12","guid":{"rendered":"https:\/\/bip.pwik-jaroslaw.pl\/?page_id=263"},"modified":"2025-01-13T13:50:29","modified_gmt":"2025-01-13T12:50:29","slug":"rostrzygniete","status":"publish","type":"page","link":"https:\/\/bip.pwik-jaroslaw.pl\/?page_id=263","title":{"rendered":"Rozstrzygni\u0119te"},"content":{"rendered":"\n<hr class=\"wp-block-separator has-alpha-channel-opacity is-style-wide\"\/>\n\n\n<div class=\"is-style-boxed wp-block-themeisle-blocks-posts-grid\" id=\"wp-block-themeisle-blocks-posts-grid-86051ffc\"><div class=\"is-grid o-posts-grid-columns-3\"><div class=\"o-posts-grid-post-blog o-posts-grid-post-plain\"><div class=\"o-posts-grid-post\"><div class=\"o-posts-grid-post-body is-full\"><span class=\"o-posts-grid-post-category\"><a href=\"https:\/\/bip.pwik-jaroslaw.pl\/?cat=4\">Przetargi<\/a><\/span><h4 class=\"o-posts-grid-post-title\"><a href=\"https:\/\/bip.pwik-jaroslaw.pl\/?p=791\">Wykonywanie dostaw materia\u0142\u00f3w eksploatacyjnych do bie\u017c\u0105cej konserwacji i napraw sieci wodoci\u0105gowych i kanalizacyjnych w 2026 r.<\/a><\/h4><p class=\"o-posts-grid-post-meta\">Opublikowano w <time datetime=\"2026-04-08T14:47:26+02:00\">2026-04-08<\/time> autorstwa <a href=\"https:\/\/bip.pwik-jaroslaw.pl\/?author=5\">Grzegorz Piku\u0142a<\/a><\/p><div class=\"o-posts-grid-post-description\"><p><\/p><\/div><\/div><\/div><\/div><div class=\"o-posts-grid-post-blog o-posts-grid-post-plain\"><div class=\"o-posts-grid-post\"><div class=\"o-posts-grid-post-body is-full\"><span class=\"o-posts-grid-post-category\"><a href=\"https:\/\/bip.pwik-jaroslaw.pl\/?cat=4\">Przetargi<\/a><\/span><h4 class=\"o-posts-grid-post-title\"><a href=\"https:\/\/bip.pwik-jaroslaw.pl\/?p=774\">\u201eWykonywanie dostaw zwi\u0105zk\u00f3w chemicznych do procesu uzdatniania i dezynfekcji wody\u201d.<\/a><\/h4><p class=\"o-posts-grid-post-meta\">Opublikowano w <time datetime=\"2026-03-26T13:11:00+01:00\">2026-03-26<\/time> autorstwa <a href=\"https:\/\/bip.pwik-jaroslaw.pl\/?author=5\">Grzegorz Piku\u0142a<\/a><\/p><div class=\"o-posts-grid-post-description\"><p><\/p><\/div><\/div><\/div><\/div><div class=\"o-posts-grid-post-blog o-posts-grid-post-plain\"><div class=\"o-posts-grid-post\"><div class=\"o-posts-grid-post-body is-full\"><span class=\"o-posts-grid-post-category\"><a href=\"https:\/\/bip.pwik-jaroslaw.pl\/?cat=12\">Og\u0142oszenia<\/a><\/span><h4 class=\"o-posts-grid-post-title\"><a href=\"https:\/\/bip.pwik-jaroslaw.pl\/?p=742\">\u201eWykonywanie dostaw koagulantu &#8211; roztworu chlorku poliglinu do uzdatniania wody przeznaczonej do spo\u017cycia przez ludzi\u201d.<\/a><\/h4><p class=\"o-posts-grid-post-meta\">Opublikowano w <time datetime=\"2026-01-22T14:48:39+01:00\">2026-01-22<\/time> autorstwa <a href=\"https:\/\/bip.pwik-jaroslaw.pl\/?author=5\">Grzegorz Piku\u0142a<\/a><\/p><div class=\"o-posts-grid-post-description\"><p><\/p><\/div><\/div><\/div><\/div><div class=\"o-posts-grid-post-blog o-posts-grid-post-plain\"><div class=\"o-posts-grid-post\"><div class=\"o-posts-grid-post-body is-full\"><span class=\"o-posts-grid-post-category\"><a href=\"https:\/\/bip.pwik-jaroslaw.pl\/?cat=12\">Og\u0142oszenia<\/a><\/span><h4 class=\"o-posts-grid-post-title\"><a href=\"https:\/\/bip.pwik-jaroslaw.pl\/?p=707\">Wykonywanie dostaw paliw\u00a0 p\u0142ynnych do pojazd\u00f3w PWiK Jaros\u0142aw Sp.\u00a0z o.o.<\/a><\/h4><p class=\"o-posts-grid-post-meta\">Opublikowano w <time datetime=\"2026-01-05T10:55:53+01:00\">2026-01-05<\/time> autorstwa <a href=\"https:\/\/bip.pwik-jaroslaw.pl\/?author=5\">Grzegorz Piku\u0142a<\/a><\/p><div class=\"o-posts-grid-post-description\"><p><\/p><\/div><\/div><\/div><\/div><div class=\"o-posts-grid-post-blog o-posts-grid-post-plain\"><div class=\"o-posts-grid-post\"><div class=\"o-posts-grid-post-body is-full\"><span class=\"o-posts-grid-post-category\"><a href=\"https:\/\/bip.pwik-jaroslaw.pl\/?cat=12\">Og\u0142oszenia<\/a><\/span><h4 class=\"o-posts-grid-post-title\"><a href=\"https:\/\/bip.pwik-jaroslaw.pl\/?p=672\">\u201eOdbi\u00f3r i zagospodarowanie na terenie Wojew\u00f3dztwa Podkarpackiego ustabilizowanych, komunalnych osad\u00f3w \u015bciekowych o kodzie 19 08 05 z Oczyszczalni \u015aciek\u00f3w w\u00a0Jaros\u0142awiu przy ul. Wr\u00f3blewskiego 3\u201d<\/a><\/h4><p class=\"o-posts-grid-post-meta\">Opublikowano w <time datetime=\"2025-12-12T14:20:07+01:00\">2025-12-12<\/time> autorstwa <a href=\"https:\/\/bip.pwik-jaroslaw.pl\/?author=5\">Grzegorz Piku\u0142a<\/a><\/p><div class=\"o-posts-grid-post-description\"><p><\/p><\/div><\/div><\/div><\/div><div class=\"o-posts-grid-post-blog o-posts-grid-post-plain\"><div class=\"o-posts-grid-post\"><div class=\"o-posts-grid-post-body is-full\"><span class=\"o-posts-grid-post-category\"><a href=\"https:\/\/bip.pwik-jaroslaw.pl\/?cat=12\">Og\u0142oszenia<\/a><\/span><h4 class=\"o-posts-grid-post-title\"><a href=\"https:\/\/bip.pwik-jaroslaw.pl\/?p=667\">\u201eWykonywanie dostaw oleju nap\u0119dowego do pojazd\u00f3w PWiK Jaros\u0142aw Sp. z o.o.\u201d<\/a><\/h4><p class=\"o-posts-grid-post-meta\">Opublikowano w <time datetime=\"2025-12-08T12:53:00+01:00\">2025-12-08<\/time> autorstwa <a href=\"https:\/\/bip.pwik-jaroslaw.pl\/?author=5\">Grzegorz Piku\u0142a<\/a><\/p><div class=\"o-posts-grid-post-description\"><p><\/p><\/div><\/div><\/div><\/div><div class=\"o-posts-grid-post-blog o-posts-grid-post-plain\"><div class=\"o-posts-grid-post\"><div class=\"o-posts-grid-post-body is-full\"><span class=\"o-posts-grid-post-category\"><a href=\"https:\/\/bip.pwik-jaroslaw.pl\/?cat=4\">Przetargi<\/a><\/span><h4 class=\"o-posts-grid-post-title\"><a href=\"https:\/\/bip.pwik-jaroslaw.pl\/?p=646\">\u201eWykonanie dostawy wraz z monta\u017cem kraty samoczyszcz\u0105cej oraz demonta\u017c istniej\u0105cej\u201d<\/a><\/h4><p class=\"o-posts-grid-post-meta\">Opublikowano w <time datetime=\"2025-11-06T13:00:54+01:00\">2025-11-06<\/time> autorstwa <a href=\"https:\/\/bip.pwik-jaroslaw.pl\/?author=5\">Grzegorz Piku\u0142a<\/a><\/p><div class=\"o-posts-grid-post-description\"><p><\/p><\/div><\/div><\/div><\/div><div class=\"o-posts-grid-post-blog o-posts-grid-post-plain\"><div class=\"o-posts-grid-post\"><div class=\"o-posts-grid-post-body is-full\"><span class=\"o-posts-grid-post-category\"><a href=\"https:\/\/bip.pwik-jaroslaw.pl\/?cat=12\">Og\u0142oszenia<\/a><\/span><h4 class=\"o-posts-grid-post-title\"><a href=\"https:\/\/bip.pwik-jaroslaw.pl\/?p=569\">Wykonywanie dostaw flokulant\u00f3w do stacji zag\u0119szczania i odwadniania osad\u00f3w<\/a><\/h4><p class=\"o-posts-grid-post-meta\">Opublikowano w <time datetime=\"2025-09-16T14:28:01+02:00\">2025-09-16<\/time> autorstwa <a href=\"https:\/\/bip.pwik-jaroslaw.pl\/?author=5\">Grzegorz Piku\u0142a<\/a><\/p><div class=\"o-posts-grid-post-description\"><p><\/p><\/div><\/div><\/div><\/div><div class=\"o-posts-grid-post-blog o-posts-grid-post-plain\"><div class=\"o-posts-grid-post\"><div class=\"o-posts-grid-post-body is-full\"><span class=\"o-posts-grid-post-category\"><a href=\"https:\/\/bip.pwik-jaroslaw.pl\/?cat=4\">Przetargi<\/a><\/span><h4 class=\"o-posts-grid-post-title\"><a href=\"https:\/\/bip.pwik-jaroslaw.pl\/?p=422\">Wykonywanie dostaw wodnego roztworu chlorku poliglinu, jako koagulantu do uzdatniania wody przeznaczonej do spo\u017cycia przez ludzi<\/a><\/h4><p class=\"o-posts-grid-post-meta\">Opublikowano w <time datetime=\"2025-06-06T12:15:19+02:00\">2025-06-06<\/time> autorstwa <a href=\"https:\/\/bip.pwik-jaroslaw.pl\/?author=5\">Grzegorz Piku\u0142a<\/a><\/p><div class=\"o-posts-grid-post-description\"><p>zam\u00f3wienie na: \u201eWykonywanie dostaw wodnego roztworu chlorku poliglinu, jako koagulantu do uzdatniani\u2026<\/p><\/div><\/div><\/div><\/div><div class=\"o-posts-grid-post-blog o-posts-grid-post-plain\"><div class=\"o-posts-grid-post\"><div class=\"o-posts-grid-post-body is-full\"><span class=\"o-posts-grid-post-category\"><a href=\"https:\/\/bip.pwik-jaroslaw.pl\/?cat=4\">Przetargi<\/a><\/span><h4 class=\"o-posts-grid-post-title\"><a href=\"https:\/\/bip.pwik-jaroslaw.pl\/?p=341\">\u201eWykonywanie dostaw wodnego roztworu chlorku poliglinu, jako koagulantu do uzdatniania wody przeznaczonej do spo\u017cycia przez ludzi\u201d.<\/a><\/h4><p class=\"o-posts-grid-post-meta\">Opublikowano w <time datetime=\"2025-02-16T15:11:17+01:00\">2025-02-16<\/time> autorstwa <a href=\"https:\/\/bip.pwik-jaroslaw.pl\/?author=1\">Matusz Konrad<\/a><\/p><div class=\"o-posts-grid-post-description\"><p>zam\u00f3wienie na: \u201eWykonywanie dostaw wodnego roztworu chlorku poliglinu, jako koagulantu do uzdatniani\u2026<\/p><\/div><\/div><\/div><\/div><div class=\"o-posts-grid-post-blog o-posts-grid-post-plain\"><div class=\"o-posts-grid-post\"><div class=\"o-posts-grid-post-body is-full\"><span class=\"o-posts-grid-post-category\"><a href=\"https:\/\/bip.pwik-jaroslaw.pl\/?cat=4\">Przetargi<\/a><\/span><h4 class=\"o-posts-grid-post-title\"><a href=\"https:\/\/bip.pwik-jaroslaw.pl\/?p=331\">PACT &#8211; Partnership for a Cleaner Tomorrow. Cross-border project to improve sustainable wastewater management in Yaroslav and Zaleszczyki\u201d. \u201dBudowa kanalizacji sanitarnej w ulicach: Dolnole\u017cajska, Brodowicze, Stawki w Jaros\u0142awiu\u201d.<\/a><\/h4><p class=\"o-posts-grid-post-meta\">Opublikowano w <time datetime=\"2025-01-24T12:01:55+01:00\">2025-01-24<\/time> autorstwa <a href=\"https:\/\/bip.pwik-jaroslaw.pl\/?author=1\">Matusz Konrad<\/a><\/p><div class=\"o-posts-grid-post-description\"><p>zam\u00f3wienie na: PACT &#8211; Partnership for a Cleaner Tomorrow. Cross-border project to improve sust\u2026<\/p><\/div><\/div><\/div><\/div><div class=\"o-posts-grid-post-blog o-posts-grid-post-plain\"><div class=\"o-posts-grid-post\"><div class=\"o-posts-grid-post-body is-full\"><span class=\"o-posts-grid-post-category\"><a href=\"https:\/\/bip.pwik-jaroslaw.pl\/?cat=4\">Przetargi<\/a><\/span><h4 class=\"o-posts-grid-post-title\"><a href=\"https:\/\/bip.pwik-jaroslaw.pl\/?p=200\">Wykonywanie dostaw oleju nap\u0119dowego do pojazd\u00f3w PWiK Jaros\u0142aw Sp. z o.o.<\/a><\/h4><p class=\"o-posts-grid-post-meta\">Opublikowano w <time datetime=\"2024-12-10T15:44:26+01:00\">2024-12-10<\/time> autorstwa <a href=\"https:\/\/bip.pwik-jaroslaw.pl\/?author=1\">Matusz Konrad<\/a><\/p><div class=\"o-posts-grid-post-description\"><p>zam\u00f3wienie na: \u201eWykonywanie dostaw oleju nap\u0119dowego do pojazd\u00f3w PWiK Jaros\u0142aw Sp. z o.o.\u201d zamawiaj\u0105c\u2026<\/p><\/div><\/div><\/div><\/div><\/div> <\/div>\n\n\n<p><\/p>\n","protected":false},"excerpt":{"rendered":"","protected":false},"author":1,"featured_media":0,"parent":0,"menu_order":0,"comment_status":"closed","ping_status":"closed","template":"","meta":{"_uag_custom_page_level_css":"","site-sidebar-layout":"default","site-content-layout":"","ast-site-content-layout":"","site-content-style":"default","site-sidebar-style":"default","ast-global-header-display":"","ast-banner-title-visibility":"","ast-main-header-display":"","ast-hfb-above-header-display":"","ast-hfb-below-header-display":"","ast-hfb-mobile-header-display":"","site-post-title":"disabled","ast-breadcrumbs-content":"","ast-featured-img":"","footer-sml-layout":"","ast-disable-related-posts":"","theme-transparent-header-meta":"","adv-header-id-meta":"","stick-header-meta":"","header-above-stick-meta":"","header-main-stick-meta":"","header-below-stick-meta":"","astra-migrate-meta-layouts":"default","ast-page-background-enabled":"default","ast-page-background-meta":{"desktop":{"background-color":"var(--ast-global-color-4)","background-image":"","background-repeat":"repeat","background-position":"center center","background-size":"auto","background-attachment":"scroll","background-type":"","background-media":"","overlay-type":"","overlay-color":"","overlay-opacity":"","overlay-gradient":""},"tablet":{"background-color":"","background-image":"","background-repeat":"repeat","background-position":"center center","background-size":"auto","background-attachment":"scroll","background-type":"","background-media":"","overlay-type":"","overlay-color":"","overlay-opacity":"","overlay-gradient":""},"mobile":{"background-color":"","background-image":"","background-repeat":"repeat","background-position":"center center","background-size":"auto","background-attachment":"scroll","background-type":"","background-media":"","overlay-type":"","overlay-color":"","overlay-opacity":"","overlay-gradient":""}},"ast-content-background-meta":{"desktop":{"background-color":"var(--ast-global-color-5)","background-image":"","background-repeat":"repeat","background-position":"center center","background-size":"auto","background-attachment":"scroll","background-type":"","background-media":"","overlay-type":"","overlay-color":"","overlay-opacity":"","overlay-gradient":""},"tablet":{"background-color":"var(--ast-global-color-5)","background-image":"","background-repeat":"repeat","background-position":"center center","background-size":"auto","background-attachment":"scroll","background-type":"","background-media":"","overlay-type":"","overlay-color":"","overlay-opacity":"","overlay-gradient":""},"mobile":{"background-color":"var(--ast-global-color-5)","background-image":"","background-repeat":"repeat","background-position":"center center","background-size":"auto","background-attachment":"scroll","background-type":"","background-media":"","overlay-type":"","overlay-color":"","overlay-opacity":"","overlay-gradient":""}},"_themeisle_gutenberg_block_has_review":false,"footnotes":""},"class_list":["post-263","page","type-page","status-publish","hentry"],"uagb_featured_image_src":{"full":false,"thumbnail":false,"medium":false,"medium_large":false,"large":false,"1536x1536":false,"2048x2048":false},"uagb_author_info":{"display_name":"Matusz Konrad","author_link":"https:\/\/bip.pwik-jaroslaw.pl\/?author=1"},"uagb_comment_info":0,"uagb_excerpt":null,"_links":{"self":[{"href":"https:\/\/bip.pwik-jaroslaw.pl\/index.php?rest_route=\/wp\/v2\/pages\/263","targetHints":{"allow":["GET"]}}],"collection":[{"href":"https:\/\/bip.pwik-jaroslaw.pl\/index.php?rest_route=\/wp\/v2\/pages"}],"about":[{"href":"https:\/\/bip.pwik-jaroslaw.pl\/index.php?rest_route=\/wp\/v2\/types\/page"}],"author":[{"embeddable":true,"href":"https:\/\/bip.pwik-jaroslaw.pl\/index.php?rest_route=\/wp\/v2\/users\/1"}],"replies":[{"embeddable":true,"href":"https:\/\/bip.pwik-jaroslaw.pl\/index.php?rest_route=%2Fwp%2Fv2%2Fcomments&post=263"}],"version-history":[{"count":0,"href":"https:\/\/bip.pwik-jaroslaw.pl\/index.php?rest_route=\/wp\/v2\/pages\/263\/revisions"}],"wp:attachment":[{"href":"https:\/\/bip.pwik-jaroslaw.pl\/index.php?rest_route=%2Fwp%2Fv2%2Fmedia&parent=263"}],"curies":[{"name":"wp","href":"https:\/\/api.w.org\/{rel}","templated":true}]}}