{"id":61,"date":"2024-12-02T19:23:24","date_gmt":"2024-12-02T18:23:24","guid":{"rendered":"https:\/\/bip.pwik-jaroslaw.pl\/?page_id=61"},"modified":"2025-09-19T11:42:31","modified_gmt":"2025-09-19T09:42:31","slug":"ogloszenia-i-przetargi","status":"publish","type":"page","link":"https:\/\/bip.pwik-jaroslaw.pl\/?page_id=61","title":{"rendered":"Og\u0142oszenia i przetargi"},"content":{"rendered":"\n<figure class=\"wp-block-image size-large is-resized\"><img loading=\"lazy\" decoding=\"async\" width=\"1024\" height=\"213\" src=\"https:\/\/bip.pwik-jaroslaw.pl\/wp-content\/uploads\/2025\/07\/ba-1024x213.jpg\" alt=\"\" class=\"wp-image-506\" style=\"width:1200px;height:auto\" srcset=\"https:\/\/bip.pwik-jaroslaw.pl\/wp-content\/uploads\/2025\/07\/ba-1024x213.jpg 1024w, https:\/\/bip.pwik-jaroslaw.pl\/wp-content\/uploads\/2025\/07\/ba-300x63.jpg 300w, https:\/\/bip.pwik-jaroslaw.pl\/wp-content\/uploads\/2025\/07\/ba-768x160.jpg 768w, https:\/\/bip.pwik-jaroslaw.pl\/wp-content\/uploads\/2025\/07\/ba-1536x320.jpg 1536w, https:\/\/bip.pwik-jaroslaw.pl\/wp-content\/uploads\/2025\/07\/ba.jpg 1920w\" sizes=\"(max-width: 1024px) 100vw, 1024px\" \/><\/figure>\n\n\n\n<div style=\"height:41px\" aria-hidden=\"true\" class=\"wp-block-spacer\"><\/div>\n\n\n\n<div class=\"wp-block-buttons is-layout-flex wp-block-buttons-is-layout-flex\">\n<div class=\"wp-block-button has-custom-width wp-block-button__width-50\"><a class=\"wp-block-button__link has-custom-font-size wp-element-button\" href=\"https:\/\/bip.pwik-jaroslaw.pl\/?page_id=83\" style=\"padding-top:var(--wp--preset--spacing--70);padding-right:0;padding-bottom:var(--wp--preset--spacing--70);padding-left:0;font-size:19px\"><strong>AKTUALNE<\/strong><\/a><\/div>\n\n\n\n<div class=\"wp-block-button has-custom-width wp-block-button__width-50 is-style-outline is-style-outline--1\"><a class=\"wp-block-button__link has-custom-font-size wp-element-button\" href=\"https:\/\/bip.pwik-jaroslaw.pl\/?page_id=259\" style=\"padding-top:var(--wp--preset--spacing--70);padding-right:0;padding-bottom:var(--wp--preset--spacing--70);padding-left:0;font-size:19px\"><strong>W TOKU<\/strong><\/a><\/div>\n\n\n\n<div class=\"wp-block-button has-custom-width wp-block-button__width-50 is-style-outline is-style-outline--2\"><a class=\"wp-block-button__link has-custom-font-size wp-element-button\" href=\"https:\/\/bip.pwik-jaroslaw.pl\/?page_id=263\" style=\"padding-top:var(--wp--preset--spacing--70);padding-right:0;padding-bottom:var(--wp--preset--spacing--70);padding-left:0;font-size:19px\"><strong>ROSTRZYGNI\u0118TE<\/strong><\/a><\/div>\n\n\n\n<div class=\"wp-block-button has-custom-width wp-block-button__width-50\"><a class=\"wp-block-button__link has-custom-font-size wp-element-button\" href=\"https:\/\/bip.pwik-jaroslaw.pl\/?page_id=267\" style=\"padding-top:var(--wp--preset--spacing--70);padding-right:0;padding-bottom:var(--wp--preset--spacing--70);padding-left:0;font-size:19px\"><strong>UNIEWA\u017bNIONE<\/strong><\/a><\/div>\n<\/div>\n\n\n\n<div id=\"wp-block-themeisle-blocks-timeline-286e8c72\" class=\"wp-block-themeisle-blocks-timeline\"><div class=\"o-timeline-root\">\n<div id=\"wp-block-themeisle-blocks-timeline-item-117d4c38\" class=\"wp-block-themeisle-blocks-timeline-item\"><div class=\"o-timeline-container\"><div class=\"o-timeline-icon\"><i class=\"fas fa-circle\"><\/i><\/div><div class=\"o-timeline-content\">\n<h3 class=\"wp-block-heading has-ast-global-color-5-color has-text-color has-link-color wp-elements-13d1e7f2bd2f7e0624945f778fc51010\">Og\u0142oszenie<\/h3>\n\n\n\n<p class=\"has-ast-global-color-5-color has-text-color has-link-color wp-elements-8fcecbb3bb1d8b7132dc7d4cbc714aff\"><strong>PWIK Jaros\u0142aw publikuje og\u0142oszenie o zam\u00f3wieniu \u2013 to moment, w kt\u00f3rym ka\u017cdy zainteresowany wykonawca dowiaduje si\u0119 o przetargu.<\/strong><br>&#8211; W og\u0142oszeniu podajemy: przedmiot zam\u00f3wienia, wymagania, termin sk\u0142adania ofert oraz spos\u00f3b kontaktu.<br>&#8211; To etap pe\u0142nej jawno\u015bci \u2013 og\u0142oszenie pojawia si\u0119 na stronie internetowej.<\/p>\n<\/div><\/div><\/div>\n\n\n\n<div id=\"wp-block-themeisle-blocks-timeline-item-2a57e0d9\" class=\"wp-block-themeisle-blocks-timeline-item\"><div class=\"o-timeline-container\"><div class=\"o-timeline-icon\"><i class=\"fas fa-circle\"><\/i><\/div><div class=\"o-timeline-content\">\n<h3 class=\"wp-block-heading\"><strong>Ocena<\/strong><\/h3>\n\n\n\n<p><strong>Wykonawcy przygotowuj\u0105 i dostarczaj\u0105 swoje oferty w wyznaczonym terminie.<\/strong><br>Oferta musi by\u0107 zgodna z wymaganiami okre\u015blonymi w dokumentacji (formularze, za\u0142\u0105czniki, o\u015bwiadczenia).<br>&#8211;  Liczy si\u0119 termin \u2013 oferty z\u0142o\u017cone po czasie nie s\u0105 rozpatrywane.<br>&#8211;  W tym czasie mo\u017cna zadawa\u0107 pytania do tre\u015bci zam\u00f3wienia, a PWIK udziela wyja\u015bnie\u0144.<\/p>\n<\/div><\/div><\/div>\n\n\n\n<div id=\"wp-block-themeisle-blocks-timeline-item-f692efe4\" class=\"wp-block-themeisle-blocks-timeline-item\"><div class=\"o-timeline-container\"><div class=\"o-timeline-icon\"><i class=\"fas fa-circle\"><\/i><\/div><div class=\"o-timeline-content\">\n<h3 class=\"wp-block-heading has-ast-global-color-5-color has-text-color has-link-color wp-elements-d7fc528b2152af10dc65b5ddc2dd6bce\">Rozstrzygni\u0119cie<\/h3>\n\n\n\n<p class=\"has-ast-global-color-5-color has-text-color has-link-color wp-elements-f8aaff04651364997b1bffce5bd67699\"><strong>Je\u015bli post\u0119powanie przebieg\u0142o pomy\u015blnie, PWIK wybiera najkorzystniejsz\u0105 ofert\u0119 i informuje o tym wykonawc\u00f3w.<br><\/strong>&#8211; Na stronie pojawia si\u0119 informacja o wyborze, np. <em>\u201eWybrano ofert\u0119 firmy XYZ Sp. z o.o. \u2013 umowa podpisana\u201d<\/em>.<br>&#8211; Przetarg jest zako\u0144czony sukcesem, a wybrany wykonawca realizuje zam\u00f3wienie.<\/p>\n<\/div><\/div><\/div>\n\n\n\n<div id=\"wp-block-themeisle-blocks-timeline-item-2bd014dc\" class=\"wp-block-themeisle-blocks-timeline-item\"><div class=\"o-timeline-container\"><div class=\"o-timeline-icon\"><i class=\"fas fa-circle\"><\/i><\/div><div class=\"o-timeline-content\">\n<h3 class=\"wp-block-heading\">Uniewa\u017cnienie<\/h3>\n\n\n\n<p>Je\u017celi nie wp\u0142yn\u0119\u0142y \u017cadne oferty albo wszystkie zosta\u0142y odrzucone, albo nast\u0105pi\u0142y inne okoliczno\u015bci uniemo\u017cliwiaj\u0105ce udzielenie zam\u00f3wienia, post\u0119powanie zostaje uniewa\u017cnione.<br>&#8211; Na stronie pojawia si\u0119 stosowna informacja, np. <em>\u201ePost\u0119powanie uniewa\u017cniono z powodu braku ofert\u201d<\/em>.<br>&#8211; Dzi\u0119ki oddzielnej zak\u0142adce <strong>\u201eUniewa\u017cnione\u201d<\/strong> wszystko jest nadal jawne \u2013 wykonawcy wiedz\u0105, dlaczego przetarg nie zosta\u0142 rozstrzygni\u0119ty.<\/p>\n<\/div><\/div><\/div>\n<\/div><\/div>\n\n\n\n<div style=\"height:100px\" aria-hidden=\"true\" class=\"wp-block-spacer\"><\/div>\n\n\n\n<h2 class=\"wp-block-heading has-text-align-left\">Og\u0142oszenia<\/h2>\n\n\n<div class=\"is-style-boxed wp-block-themeisle-blocks-posts-grid\" id=\"wp-block-themeisle-blocks-posts-grid-67cf07dd\"><div class=\"is-grid o-posts-grid-columns-3\"><div class=\"o-posts-grid-post-blog o-posts-grid-post-plain\"><div class=\"o-posts-grid-post\"><div class=\"o-posts-grid-post-body is-full\"><span class=\"o-posts-grid-post-category\"><a href=\"https:\/\/bip.pwik-jaroslaw.pl\/?cat=12\">Og\u0142oszenia<\/a><\/span><h4 class=\"o-posts-grid-post-title\"><a href=\"https:\/\/bip.pwik-jaroslaw.pl\/?p=742\">\u201eWykonywanie dostaw koagulantu &#8211; roztworu chlorku poliglinu do uzdatniania wody przeznaczonej do spo\u017cycia przez ludzi\u201d.<\/a><\/h4><p class=\"o-posts-grid-post-meta\">Opublikowano w <time datetime=\"2026-01-22T14:48:39+01:00\">2026-01-22<\/time> autorstwa <a href=\"https:\/\/bip.pwik-jaroslaw.pl\/?author=5\">Grzegorz Piku\u0142a<\/a><\/p><div class=\"o-posts-grid-post-description\"><p><\/p><\/div><\/div><\/div><\/div><div class=\"o-posts-grid-post-blog o-posts-grid-post-plain\"><div class=\"o-posts-grid-post\"><div class=\"o-posts-grid-post-body is-full\"><span class=\"o-posts-grid-post-category\"><a href=\"https:\/\/bip.pwik-jaroslaw.pl\/?cat=12\">Og\u0142oszenia<\/a><\/span><h4 class=\"o-posts-grid-post-title\"><a href=\"https:\/\/bip.pwik-jaroslaw.pl\/?p=726\">Wykonywanie dostaw koagulantu &#8211; roztworu chlorku poliglinu do uzdatniania wody przeznaczonej do spo\u017cycia przez ludzi<\/a><\/h4><p class=\"o-posts-grid-post-meta\">Opublikowano w <time datetime=\"2026-01-15T12:46:51+01:00\">2026-01-15<\/time> autorstwa <a href=\"https:\/\/bip.pwik-jaroslaw.pl\/?author=5\">Grzegorz Piku\u0142a<\/a><\/p><div class=\"o-posts-grid-post-description\"><p><\/p><\/div><\/div><\/div><\/div><div class=\"o-posts-grid-post-blog o-posts-grid-post-plain\"><div class=\"o-posts-grid-post\"><div class=\"o-posts-grid-post-body is-full\"><span class=\"o-posts-grid-post-category\"><a href=\"https:\/\/bip.pwik-jaroslaw.pl\/?cat=12\">Og\u0142oszenia<\/a><\/span><h4 class=\"o-posts-grid-post-title\"><a href=\"https:\/\/bip.pwik-jaroslaw.pl\/?p=707\">Wykonywanie dostaw paliw\u00a0 p\u0142ynnych do pojazd\u00f3w PWiK Jaros\u0142aw Sp.\u00a0z o.o.<\/a><\/h4><p class=\"o-posts-grid-post-meta\">Opublikowano w <time datetime=\"2026-01-05T10:55:53+01:00\">2026-01-05<\/time> autorstwa <a href=\"https:\/\/bip.pwik-jaroslaw.pl\/?author=5\">Grzegorz Piku\u0142a<\/a><\/p><div class=\"o-posts-grid-post-description\"><p><\/p><\/div><\/div><\/div><\/div><div class=\"o-posts-grid-post-blog o-posts-grid-post-plain\"><div class=\"o-posts-grid-post\"><div class=\"o-posts-grid-post-body is-full\"><span class=\"o-posts-grid-post-category\"><a href=\"https:\/\/bip.pwik-jaroslaw.pl\/?cat=12\">Og\u0142oszenia<\/a><\/span><h4 class=\"o-posts-grid-post-title\"><a href=\"https:\/\/bip.pwik-jaroslaw.pl\/?p=688\">\u201eWykonywanie dostaw paliw\u00a0 p\u0142ynnych do pojazd\u00f3w PWiK Jaros\u0142aw Sp.\u00a0z o.o.\u201d<\/a><\/h4><p class=\"o-posts-grid-post-meta\">Opublikowano w <time datetime=\"2025-12-23T10:05:53+01:00\">2025-12-23<\/time> autorstwa <a href=\"https:\/\/bip.pwik-jaroslaw.pl\/?author=5\">Grzegorz Piku\u0142a<\/a><\/p><div class=\"o-posts-grid-post-description\"><p><\/p><\/div><\/div><\/div><\/div><div class=\"o-posts-grid-post-blog o-posts-grid-post-plain\"><div class=\"o-posts-grid-post\"><div class=\"o-posts-grid-post-body is-full\"><span class=\"o-posts-grid-post-category\"><a href=\"https:\/\/bip.pwik-jaroslaw.pl\/?cat=12\">Og\u0142oszenia<\/a><\/span><h4 class=\"o-posts-grid-post-title\"><a href=\"https:\/\/bip.pwik-jaroslaw.pl\/?p=672\">\u201eOdbi\u00f3r i zagospodarowanie na terenie Wojew\u00f3dztwa Podkarpackiego ustabilizowanych, komunalnych osad\u00f3w \u015bciekowych o kodzie 19 08 05 z Oczyszczalni \u015aciek\u00f3w w\u00a0Jaros\u0142awiu przy ul. Wr\u00f3blewskiego 3\u201d<\/a><\/h4><p class=\"o-posts-grid-post-meta\">Opublikowano w <time datetime=\"2025-12-12T14:20:07+01:00\">2025-12-12<\/time> autorstwa <a href=\"https:\/\/bip.pwik-jaroslaw.pl\/?author=5\">Grzegorz Piku\u0142a<\/a><\/p><div class=\"o-posts-grid-post-description\"><p><\/p><\/div><\/div><\/div><\/div><div class=\"o-posts-grid-post-blog o-posts-grid-post-plain\"><div class=\"o-posts-grid-post\"><div class=\"o-posts-grid-post-body is-full\"><span class=\"o-posts-grid-post-category\"><a href=\"https:\/\/bip.pwik-jaroslaw.pl\/?cat=12\">Og\u0142oszenia<\/a><\/span><h4 class=\"o-posts-grid-post-title\"><a href=\"https:\/\/bip.pwik-jaroslaw.pl\/?p=667\">\u201eWykonywanie dostaw oleju nap\u0119dowego do pojazd\u00f3w PWiK Jaros\u0142aw Sp. z o.o.\u201d<\/a><\/h4><p class=\"o-posts-grid-post-meta\">Opublikowano w <time datetime=\"2025-12-08T12:53:00+01:00\">2025-12-08<\/time> autorstwa <a href=\"https:\/\/bip.pwik-jaroslaw.pl\/?author=5\">Grzegorz Piku\u0142a<\/a><\/p><div class=\"o-posts-grid-post-description\"><p><\/p><\/div><\/div><\/div><\/div><\/div> <\/div>\n\n\n<div style=\"height:100px\" aria-hidden=\"true\" class=\"wp-block-spacer\"><\/div>\n\n\n\n<div class=\"wp-block-uagb-buttons uagb-buttons__outer-wrap uagb-btn__default-btn uagb-btn-tablet__default-btn uagb-btn-mobile__default-btn uagb-block-d48f0b57\"><div class=\"uagb-buttons__wrap uagb-buttons-layout-wrap \">\n<div class=\"wp-block-uagb-buttons-child uagb-buttons__outer-wrap uagb-block-a9f3fdba wp-block-button\"><div class=\"uagb-button__wrapper\"><a class=\"uagb-buttons-repeater wp-block-button__link\" aria-label=\"\" href=\"https:\/\/bip.pwik-jaroslaw.pl\/?page_id=521\u2197\" rel=\"follow noopener\" target=\"_blank\" role=\"button\"><div class=\"uagb-button__link\">Protesty przetrag\u00f3w<\/div><\/a><\/div><\/div>\n\n\n\n<div class=\"wp-block-uagb-buttons-child uagb-buttons__outer-wrap uagb-block-e632eb09 wp-block-button\"><div class=\"uagb-button__wrapper\"><a class=\"uagb-buttons-repeater wp-block-button__link\" aria-label=\"\" href=\"https:\/\/pwik-jaroslaw.pl\/archiwum-przetargow\/\" rel=\"follow noopener\" target=\"_blank\" role=\"button\"><div class=\"uagb-button__link\">Archiwum przetarg\u00f3w<\/div><\/a><\/div><\/div>\n<\/div><\/div>\n\n\n\n<p><\/p>\n","protected":false},"excerpt":{"rendered":"<p>Og\u0142oszenia<\/p>\n","protected":false},"author":1,"featured_media":0,"parent":0,"menu_order":0,"comment_status":"closed","ping_status":"closed","template":"","meta":{"_uag_custom_page_level_css":"","site-sidebar-layout":"default","site-content-layout":"","ast-site-content-layout":"","site-content-style":"default","site-sidebar-style":"default","ast-global-header-display":"","ast-banner-title-visibility":"","ast-main-header-display":"","ast-hfb-above-header-display":"","ast-hfb-below-header-display":"","ast-hfb-mobile-header-display":"","site-post-title":"disabled","ast-breadcrumbs-content":"","ast-featured-img":"","footer-sml-layout":"","ast-disable-related-posts":"","theme-transparent-header-meta":"","adv-header-id-meta":"","stick-header-meta":"","header-above-stick-meta":"","header-main-stick-meta":"","header-below-stick-meta":"","astra-migrate-meta-layouts":"default","ast-page-background-enabled":"default","ast-page-background-meta":{"desktop":{"background-color":"var(--ast-global-color-4)","background-image":"","background-repeat":"repeat","background-position":"center center","background-size":"auto","background-attachment":"scroll","background-type":"","background-media":"","overlay-type":"","overlay-color":"","overlay-opacity":"","overlay-gradient":""},"tablet":{"background-color":"","background-image":"","background-repeat":"repeat","background-position":"center center","background-size":"auto","background-attachment":"scroll","background-type":"","background-media":"","overlay-type":"","overlay-color":"","overlay-opacity":"","overlay-gradient":""},"mobile":{"background-color":"","background-image":"","background-repeat":"repeat","background-position":"center center","background-size":"auto","background-attachment":"scroll","background-type":"","background-media":"","overlay-type":"","overlay-color":"","overlay-opacity":"","overlay-gradient":""}},"ast-content-background-meta":{"desktop":{"background-color":"var(--ast-global-color-5)","background-image":"","background-repeat":"repeat","background-position":"center center","background-size":"auto","background-attachment":"scroll","background-type":"","background-media":"","overlay-type":"","overlay-color":"","overlay-opacity":"","overlay-gradient":""},"tablet":{"background-color":"var(--ast-global-color-5)","background-image":"","background-repeat":"repeat","background-position":"center center","background-size":"auto","background-attachment":"scroll","background-type":"","background-media":"","overlay-type":"","overlay-color":"","overlay-opacity":"","overlay-gradient":""},"mobile":{"background-color":"var(--ast-global-color-5)","background-image":"","background-repeat":"repeat","background-position":"center center","background-size":"auto","background-attachment":"scroll","background-type":"","background-media":"","overlay-type":"","overlay-color":"","overlay-opacity":"","overlay-gradient":""}},"_themeisle_gutenberg_block_has_review":false,"footnotes":""},"class_list":["post-61","page","type-page","status-publish","hentry"],"uagb_featured_image_src":{"full":false,"thumbnail":false,"medium":false,"medium_large":false,"large":false,"1536x1536":false,"2048x2048":false},"uagb_author_info":{"display_name":"Matusz Konrad","author_link":"https:\/\/bip.pwik-jaroslaw.pl\/?author=1"},"uagb_comment_info":0,"uagb_excerpt":"Og\u0142oszenia","_links":{"self":[{"href":"https:\/\/bip.pwik-jaroslaw.pl\/index.php?rest_route=\/wp\/v2\/pages\/61","targetHints":{"allow":["GET"]}}],"collection":[{"href":"https:\/\/bip.pwik-jaroslaw.pl\/index.php?rest_route=\/wp\/v2\/pages"}],"about":[{"href":"https:\/\/bip.pwik-jaroslaw.pl\/index.php?rest_route=\/wp\/v2\/types\/page"}],"author":[{"embeddable":true,"href":"https:\/\/bip.pwik-jaroslaw.pl\/index.php?rest_route=\/wp\/v2\/users\/1"}],"replies":[{"embeddable":true,"href":"https:\/\/bip.pwik-jaroslaw.pl\/index.php?rest_route=%2Fwp%2Fv2%2Fcomments&post=61"}],"version-history":[{"count":17,"href":"https:\/\/bip.pwik-jaroslaw.pl\/index.php?rest_route=\/wp\/v2\/pages\/61\/revisions"}],"predecessor-version":[{"id":578,"href":"https:\/\/bip.pwik-jaroslaw.pl\/index.php?rest_route=\/wp\/v2\/pages\/61\/revisions\/578"}],"wp:attachment":[{"href":"https:\/\/bip.pwik-jaroslaw.pl\/index.php?rest_route=%2Fwp%2Fv2%2Fmedia&parent=61"}],"curies":[{"name":"wp","href":"https:\/\/api.w.org\/{rel}","templated":true}]}}